{"id":1225,"date":"2020-08-14T14:42:36","date_gmt":"2020-08-14T12:42:36","guid":{"rendered":"https:\/\/b2rlaw.com\/?page_id=1225"},"modified":"2025-01-02T16:02:51","modified_gmt":"2025-01-02T15:02:51","slug":"aktualnosci","status":"publish","type":"page","link":"https:\/\/b2rlaw.com\/pl\/aktualnosci\/","title":{"rendered":"Aktualno\u015bci"},"content":{"rendered":"<p>Tutaj mo\u017cesz sprawdzi\u0107 najnowsze<br \/>\ninformacje i wiadomo\u015bci B2RLaw.<\/p>\n","protected":false},"excerpt":{"rendered":"<p>Tutaj mo\u017cesz sprawdzi\u0107 najnowsze informacje i wiadomo\u015bci B2RLaw.<\/p>\n","protected":false},"author":2,"featured_media":0,"parent":0,"menu_order":18,"comment_status":"closed","ping_status":"closed","template":"templates\/resources.php","meta":{"_acf_changed":false,"footnotes":""},"class_list":["post-1225","page","type-page","status-publish","hentry"],"acf":[],"yoast_head":"<!-- This site is optimized with the Yoast SEO plugin v27.3 - https:\/\/yoast.com\/product\/yoast-seo-wordpress\/ -->\n<title>Aktualno\u015bci - B2RLAW<\/title>\n<meta name=\"description\" content=\"Tutaj mo\u017cesz sprawdzi\u0107 najnowsze informacje i wiadomo\u015bci B2RLaw.\" \/>\n<meta name=\"robots\" content=\"index, follow, max-snippet:-1, max-image-preview:large, max-video-preview:-1\" \/>\n<link rel=\"canonical\" href=\"https:\/\/b2rlaw.com\/pl\/aktualnosci\/\" \/>\n<meta property=\"og:locale\" content=\"pl_PL\" \/>\n<meta property=\"og:type\" content=\"article\" \/>\n<meta property=\"og:title\" content=\"Aktualno\u015bci - B2RLAW\" \/>\n<meta property=\"og:description\" content=\"Tutaj mo\u017cesz sprawdzi\u0107 najnowsze informacje i wiadomo\u015bci B2RLaw.\" \/>\n<meta property=\"og:url\" content=\"https:\/\/b2rlaw.com\/pl\/aktualnosci\/\" \/>\n<meta property=\"og:site_name\" content=\"B2RLAW\" \/>\n<meta property=\"article:modified_time\" content=\"2025-01-02T15:02:51+00:00\" \/>\n<meta name=\"twitter:card\" content=\"summary_large_image\" \/>\n<meta name=\"twitter:label1\" content=\"Szacowany czas czytania\" \/>\n\t<meta name=\"twitter:data1\" content=\"1 minuta\" \/>\n<script type=\"application\/ld+json\" class=\"yoast-schema-graph\">{\"@context\":\"https:\\\/\\\/schema.org\",\"@graph\":[{\"@type\":\"WebPage\",\"@id\":\"https:\\\/\\\/b2rlaw.com\\\/pl\\\/aktualnosci\\\/\",\"url\":\"https:\\\/\\\/b2rlaw.com\\\/pl\\\/aktualnosci\\\/\",\"name\":\"Aktualno\u015bci - B2RLAW\",\"isPartOf\":{\"@id\":\"https:\\\/\\\/b2rlaw.com\\\/pl\\\/#website\"},\"datePublished\":\"2020-08-14T12:42:36+00:00\",\"dateModified\":\"2025-01-02T15:02:51+00:00\",\"description\":\"Tutaj mo\u017cesz sprawdzi\u0107 najnowsze informacje i wiadomo\u015bci B2RLaw.\",\"breadcrumb\":{\"@id\":\"https:\\\/\\\/b2rlaw.com\\\/pl\\\/aktualnosci\\\/#breadcrumb\"},\"inLanguage\":\"pl-PL\",\"potentialAction\":[{\"@type\":\"ReadAction\",\"target\":[\"https:\\\/\\\/b2rlaw.com\\\/pl\\\/aktualnosci\\\/\"]}]},{\"@type\":\"BreadcrumbList\",\"@id\":\"https:\\\/\\\/b2rlaw.com\\\/pl\\\/aktualnosci\\\/#breadcrumb\",\"itemListElement\":[{\"@type\":\"ListItem\",\"position\":1,\"name\":\"Home\",\"item\":\"https:\\\/\\\/b2rlaw.com\\\/pl\\\/sample-page\\\/\"},{\"@type\":\"ListItem\",\"position\":2,\"name\":\"Aktualno\u015bci\"}]},{\"@type\":\"WebSite\",\"@id\":\"https:\\\/\\\/b2rlaw.com\\\/pl\\\/#website\",\"url\":\"https:\\\/\\\/b2rlaw.com\\\/pl\\\/\",\"name\":\"B2RLAW\",\"description\":\"We have extensive experience acting in specialized and complex deals and disputes.\",\"potentialAction\":[{\"@type\":\"SearchAction\",\"target\":{\"@type\":\"EntryPoint\",\"urlTemplate\":\"https:\\\/\\\/b2rlaw.com\\\/pl\\\/?s={search_term_string}\"},\"query-input\":{\"@type\":\"PropertyValueSpecification\",\"valueRequired\":true,\"valueName\":\"search_term_string\"}}],\"inLanguage\":\"pl-PL\"}]}<\/script>\n<!-- \/ Yoast SEO plugin. -->","yoast_head_json":{"title":"Aktualno\u015bci - B2RLAW","description":"Tutaj mo\u017cesz sprawdzi\u0107 najnowsze informacje i wiadomo\u015bci B2RLaw.","robots":{"index":"index","follow":"follow","max-snippet":"max-snippet:-1","max-image-preview":"max-image-preview:large","max-video-preview":"max-video-preview:-1"},"canonical":"https:\/\/b2rlaw.com\/pl\/aktualnosci\/","og_locale":"pl_PL","og_type":"article","og_title":"Aktualno\u015bci - B2RLAW","og_description":"Tutaj mo\u017cesz sprawdzi\u0107 najnowsze informacje i wiadomo\u015bci B2RLaw.","og_url":"https:\/\/b2rlaw.com\/pl\/aktualnosci\/","og_site_name":"B2RLAW","article_modified_time":"2025-01-02T15:02:51+00:00","twitter_card":"summary_large_image","twitter_misc":{"Szacowany czas czytania":"1 minuta"},"schema":{"@context":"https:\/\/schema.org","@graph":[{"@type":"WebPage","@id":"https:\/\/b2rlaw.com\/pl\/aktualnosci\/","url":"https:\/\/b2rlaw.com\/pl\/aktualnosci\/","name":"Aktualno\u015bci - B2RLAW","isPartOf":{"@id":"https:\/\/b2rlaw.com\/pl\/#website"},"datePublished":"2020-08-14T12:42:36+00:00","dateModified":"2025-01-02T15:02:51+00:00","description":"Tutaj mo\u017cesz sprawdzi\u0107 najnowsze informacje i wiadomo\u015bci B2RLaw.","breadcrumb":{"@id":"https:\/\/b2rlaw.com\/pl\/aktualnosci\/#breadcrumb"},"inLanguage":"pl-PL","potentialAction":[{"@type":"ReadAction","target":["https:\/\/b2rlaw.com\/pl\/aktualnosci\/"]}]},{"@type":"BreadcrumbList","@id":"https:\/\/b2rlaw.com\/pl\/aktualnosci\/#breadcrumb","itemListElement":[{"@type":"ListItem","position":1,"name":"Home","item":"https:\/\/b2rlaw.com\/pl\/sample-page\/"},{"@type":"ListItem","position":2,"name":"Aktualno\u015bci"}]},{"@type":"WebSite","@id":"https:\/\/b2rlaw.com\/pl\/#website","url":"https:\/\/b2rlaw.com\/pl\/","name":"B2RLAW","description":"We have extensive experience acting in specialized and complex deals and disputes.","potentialAction":[{"@type":"SearchAction","target":{"@type":"EntryPoint","urlTemplate":"https:\/\/b2rlaw.com\/pl\/?s={search_term_string}"},"query-input":{"@type":"PropertyValueSpecification","valueRequired":true,"valueName":"search_term_string"}}],"inLanguage":"pl-PL"}]}},"_links":{"self":[{"href":"https:\/\/b2rlaw.com\/pl\/wp-json\/wp\/v2\/pages\/1225","targetHints":{"allow":["GET"]}}],"collection":[{"href":"https:\/\/b2rlaw.com\/pl\/wp-json\/wp\/v2\/pages"}],"about":[{"href":"https:\/\/b2rlaw.com\/pl\/wp-json\/wp\/v2\/types\/page"}],"author":[{"embeddable":true,"href":"https:\/\/b2rlaw.com\/pl\/wp-json\/wp\/v2\/users\/2"}],"replies":[{"embeddable":true,"href":"https:\/\/b2rlaw.com\/pl\/wp-json\/wp\/v2\/comments?post=1225"}],"version-history":[{"count":3,"href":"https:\/\/b2rlaw.com\/pl\/wp-json\/wp\/v2\/pages\/1225\/revisions"}],"predecessor-version":[{"id":1318,"href":"https:\/\/b2rlaw.com\/pl\/wp-json\/wp\/v2\/pages\/1225\/revisions\/1318"}],"wp:attachment":[{"href":"https:\/\/b2rlaw.com\/pl\/wp-json\/wp\/v2\/media?parent=1225"}],"curies":[{"name":"wp","href":"https:\/\/api.w.org\/{rel}","templated":true}]}}